{"id":2862,"date":"2021-05-17T07:30:08","date_gmt":"2021-05-17T05:30:08","guid":{"rendered":"https:\/\/libes.nl\/?page_id=2862"},"modified":"2022-02-20T21:01:21","modified_gmt":"2022-02-20T20:01:21","slug":"kakkerlakken","status":"publish","type":"page","link":"https:\/\/libes.nl\/?page_id=2862","title":{"rendered":"Kakkerlakken"},"content":{"rendered":"\t\t<div data-elementor-type=\"wp-page\" data-elementor-id=\"2862\" class=\"elementor elementor-2862\" data-elementor-post-type=\"page\">\n\t\t\t\t\t\t<section class=\"elementor-section elementor-top-section elementor-element elementor-element-0f9ac8d elementor-section-height-min-height elementor-section-stretched elementor-section-boxed elementor-section-height-default elementor-section-items-middle\" data-id=\"0f9ac8d\" data-element_type=\"section\" data-e-type=\"section\" data-settings=\"{&quot;background_background&quot;:&quot;classic&quot;,&quot;shape_divider_top&quot;:&quot;mountains&quot;,&quot;shape_divider_bottom&quot;:&quot;mountains&quot;,&quot;stretch_section&quot;:&quot;section-stretched&quot;}\">\n\t\t\t\t\t\t\t<div class=\"elementor-background-overlay\"><\/div>\n\t\t\t\t\t\t<div class=\"elementor-shape elementor-shape-top\" aria-hidden=\"true\" data-negative=\"false\">\n\t\t\t<svg xmlns=\"http:\/\/www.w3.org\/2000\/svg\" viewBox=\"0 0 1000 100\" preserveAspectRatio=\"none\">\n\t<path class=\"elementor-shape-fill\" opacity=\"0.33\" d=\"M473,67.3c-203.9,88.3-263.1-34-320.3,0C66,119.1,0,59.7,0,59.7V0h1000v59.7 c0,0-62.1,26.1-94.9,29.3c-32.8,3.3-62.8-12.3-75.8-22.1C806,49.6,745.3,8.7,694.9,4.7S492.4,59,473,67.3z\"\/>\n\t<path class=\"elementor-shape-fill\" opacity=\"0.66\" d=\"M734,67.3c-45.5,0-77.2-23.2-129.1-39.1c-28.6-8.7-150.3-10.1-254,39.1 s-91.7-34.4-149.2,0C115.7,118.3,0,39.8,0,39.8V0h1000v36.5c0,0-28.2-18.5-92.1-18.5C810.2,18.1,775.7,67.3,734,67.3z\"\/>\n\t<path class=\"elementor-shape-fill\" d=\"M766.1,28.9c-200-57.5-266,65.5-395.1,19.5C242,1.8,242,5.4,184.8,20.6C128,35.8,132.3,44.9,89.9,52.5C28.6,63.7,0,0,0,0 h1000c0,0-9.9,40.9-83.6,48.1S829.6,47,766.1,28.9z\"\/>\n<\/svg>\t\t<\/div>\n\t\t\t\t<div class=\"elementor-shape elementor-shape-bottom\" aria-hidden=\"true\" data-negative=\"false\">\n\t\t\t<svg xmlns=\"http:\/\/www.w3.org\/2000\/svg\" viewBox=\"0 0 1000 100\" preserveAspectRatio=\"none\">\n\t<path class=\"elementor-shape-fill\" opacity=\"0.33\" d=\"M473,67.3c-203.9,88.3-263.1-34-320.3,0C66,119.1,0,59.7,0,59.7V0h1000v59.7 c0,0-62.1,26.1-94.9,29.3c-32.8,3.3-62.8-12.3-75.8-22.1C806,49.6,745.3,8.7,694.9,4.7S492.4,59,473,67.3z\"\/>\n\t<path class=\"elementor-shape-fill\" opacity=\"0.66\" d=\"M734,67.3c-45.5,0-77.2-23.2-129.1-39.1c-28.6-8.7-150.3-10.1-254,39.1 s-91.7-34.4-149.2,0C115.7,118.3,0,39.8,0,39.8V0h1000v36.5c0,0-28.2-18.5-92.1-18.5C810.2,18.1,775.7,67.3,734,67.3z\"\/>\n\t<path class=\"elementor-shape-fill\" d=\"M766.1,28.9c-200-57.5-266,65.5-395.1,19.5C242,1.8,242,5.4,184.8,20.6C128,35.8,132.3,44.9,89.9,52.5C28.6,63.7,0,0,0,0 h1000c0,0-9.9,40.9-83.6,48.1S829.6,47,766.1,28.9z\"\/>\n<\/svg>\t\t<\/div>\n\t\t\t\t\t<div class=\"elementor-container elementor-column-gap-wide\">\n\t\t\t\t\t<div class=\"elementor-column elementor-col-100 elementor-top-column elementor-element elementor-element-e3d564b\" data-id=\"e3d564b\" data-element_type=\"column\" data-e-type=\"column\">\n\t\t\t<div class=\"elementor-widget-wrap elementor-element-populated\">\n\t\t\t\t\t\t<div class=\"elementor-element elementor-element-5460ef7 elementor-widget elementor-widget-image\" data-id=\"5460ef7\" data-element_type=\"widget\" data-e-type=\"widget\" data-widget_type=\"image.default\">\n\t\t\t\t<div class=\"elementor-widget-container\">\n\t\t\t\t\t\t\t\t\t\t\t\t\t\t\t<img decoding=\"async\" width=\"200\" height=\"178\" src=\"https:\/\/libes.nl\/wp-content\/uploads\/2021\/05\/Titel_bedwants_wit.png\" class=\"attachment-medium size-medium wp-image-2948\" alt=\"\" \/>\t\t\t\t\t\t\t\t\t\t\t\t\t\t\t<\/div>\n\t\t\t\t<\/div>\n\t\t\t\t<div class=\"elementor-element elementor-element-fcffc69 elementor-widget elementor-widget-heading\" data-id=\"fcffc69\" data-element_type=\"widget\" data-e-type=\"widget\" data-widget_type=\"heading.default\">\n\t\t\t\t<div class=\"elementor-widget-container\">\n\t\t\t\t\t<h2 class=\"elementor-heading-title elementor-size-default\">Kakkerlakken<\/h2>\t\t\t\t<\/div>\n\t\t\t\t<\/div>\n\t\t\t\t\t<\/div>\n\t\t<\/div>\n\t\t\t\t\t<\/div>\n\t\t<\/section>\n\t\t\t\t<section class=\"elementor-section elementor-top-section elementor-element elementor-element-53e567d2 elementor-section-boxed elementor-section-height-default elementor-section-height-default\" data-id=\"53e567d2\" data-element_type=\"section\" data-e-type=\"section\">\n\t\t\t\t\t\t<div class=\"elementor-container elementor-column-gap-default\">\n\t\t\t\t\t<div class=\"elementor-column elementor-col-100 elementor-top-column elementor-element elementor-element-1838f3c9\" data-id=\"1838f3c9\" data-element_type=\"column\" data-e-type=\"column\">\n\t\t\t<div class=\"elementor-widget-wrap elementor-element-populated\">\n\t\t\t\t\t\t<div class=\"elementor-element elementor-element-29e3c92d elementor-widget elementor-widget-text-editor\" data-id=\"29e3c92d\" data-element_type=\"widget\" data-e-type=\"widget\" data-widget_type=\"text-editor.default\">\n\t\t\t\t<div class=\"elementor-widget-container\">\n\t\t\t\t\t\t\t\t\t<h4>Last van kakkerlakken in je woning?<\/h4>\n<p>Schakel Lib\u00e8s in! Kakkerlakken zijn ongeveer \u00e9\u00e9n tot twee centimeter groot en hebben een roodbruine kleur. Kakkerlakken zijn vooral \u2019s nachts actief. Eerst heb je daardoor vaak niet door dat er kakkerlakken actief zijn in je huis. Kakkerlakken houden van warme en vochtige plekjes. Ze eten alles wat ze tegenkomen. Bijzonder is dat ze daarnaast ook gemakkelijk een maand zonder eten kunnen. Ze verstoppen ze zich gemakkelijk tussen kieren en naden en ze planten zich razendsnel voort. Ze hebben eipakketjes bij zich die ze tot wel acht keer per halfjaar afleggen.<\/p>\n<p>Onfris en dragers van ziektekiemen<br>Wanneer je kakkerlakken in je huis hebt, geeft dat een onfris gevoel. Maar los daarvan: kakkerlakken verspreiden ziektekiemen. Deze bevinden zich in de uitwerpselen en het speeksel van de kakkerlak. Het zijn ziekteverwekkers die zelfs voor maag- en darmontstekingen en schimmelinfecties bij de mens kunnen zorgen. Maar ook allergie\u00ebn. Schakel de hulp in van Lib\u00e8s als het om de bestrijding van kakkerlakken gaat!<\/p>\t\t\t\t\t\t\t\t<\/div>\n\t\t\t\t<\/div>\n\t\t\t\t<div class=\"elementor-element elementor-element-a372490 elementor-widget elementor-widget-image\" data-id=\"a372490\" data-element_type=\"widget\" data-e-type=\"widget\" data-widget_type=\"image.default\">\n\t\t\t\t<div class=\"elementor-widget-container\">\n\t\t\t\t\t\t\t\t\t\t\t\t\t\t\t<img fetchpriority=\"high\" decoding=\"async\" width=\"1536\" height=\"478\" src=\"https:\/\/libes.nl\/wp-content\/uploads\/2021\/05\/kakkerlak_banner-1536x478.png\" class=\"attachment-1536x1536 size-1536x1536 wp-image-2911\" alt=\"\" srcset=\"https:\/\/libes.nl\/wp-content\/uploads\/2021\/05\/kakkerlak_banner-1536x478.png 1536w, https:\/\/libes.nl\/wp-content\/uploads\/2021\/05\/kakkerlak_banner-300x93.png 300w, https:\/\/libes.nl\/wp-content\/uploads\/2021\/05\/kakkerlak_banner-1024x319.png 1024w, https:\/\/libes.nl\/wp-content\/uploads\/2021\/05\/kakkerlak_banner-768x239.png 768w, https:\/\/libes.nl\/wp-content\/uploads\/2021\/05\/kakkerlak_banner-1200x374.png 1200w, https:\/\/libes.nl\/wp-content\/uploads\/2021\/05\/kakkerlak_banner.png 1680w\" sizes=\"(max-width: 1536px) 100vw, 1536px\" \/>\t\t\t\t\t\t\t\t\t\t\t\t\t\t\t<\/div>\n\t\t\t\t<\/div>\n\t\t\t\t\t<\/div>\n\t\t<\/div>\n\t\t\t\t\t<\/div>\n\t\t<\/section>\n\t\t\t\t<section class=\"elementor-section elementor-top-section elementor-element elementor-element-a7fd613 elementor-section-boxed elementor-section-height-default elementor-section-height-default\" data-id=\"a7fd613\" data-element_type=\"section\" data-e-type=\"section\">\n\t\t\t\t\t\t<div class=\"elementor-container elementor-column-gap-default\">\n\t\t\t\t\t<div class=\"elementor-column elementor-col-100 elementor-top-column elementor-element elementor-element-d304c72\" data-id=\"d304c72\" data-element_type=\"column\" data-e-type=\"column\">\n\t\t\t<div class=\"elementor-widget-wrap elementor-element-populated\">\n\t\t\t\t\t\t<div class=\"elementor-element elementor-element-de11095 elementor-headline--style-highlight elementor-widget elementor-widget-animated-headline\" data-id=\"de11095\" data-element_type=\"widget\" data-e-type=\"widget\" data-settings=\"{&quot;marker&quot;:&quot;underline_zigzag&quot;,&quot;highlighted_text&quot;:&quot;045-2078069&quot;,&quot;headline_style&quot;:&quot;highlight&quot;,&quot;loop&quot;:&quot;yes&quot;,&quot;highlight_animation_duration&quot;:1200,&quot;highlight_iteration_delay&quot;:8000}\" data-widget_type=\"animated-headline.default\">\n\t\t\t\t<div class=\"elementor-widget-container\">\n\t\t\t\t\t\t\t\t<a href=\"tel:0452078069\">\n\n\t\t\t\t\t<h3 class=\"elementor-headline\">\n\t\t\t\t\t<span class=\"elementor-headline-plain-text elementor-headline-text-wrapper\">Bel Lib\u00e8s <\/span>\n\t\t\t\t<span class=\"elementor-headline-dynamic-wrapper elementor-headline-text-wrapper\">\n\t\t\t\t\t<span class=\"elementor-headline-dynamic-text elementor-headline-text-active\">045-2078069<\/span>\n\t\t\t\t<\/span>\n\t\t\t\t<\/h3>\n\t\t<\/a>\t\t\t\t<\/div>\n\t\t\t\t<\/div>\n\t\t\t\t<div class=\"elementor-element elementor-element-a9b8574 elementor-widget elementor-widget-spacer\" data-id=\"a9b8574\" data-element_type=\"widget\" data-e-type=\"widget\" data-widget_type=\"spacer.default\">\n\t\t\t\t<div class=\"elementor-widget-container\">\n\t\t\t\t\t\t\t<div class=\"elementor-spacer\">\n\t\t\t<div class=\"elementor-spacer-inner\"><\/div>\n\t\t<\/div>\n\t\t\t\t\t\t<\/div>\n\t\t\t\t<\/div>\n\t\t\t\t\t<\/div>\n\t\t<\/div>\n\t\t\t\t\t<\/div>\n\t\t<\/section>\n\t\t\t\t<\/div>\n\t\t","protected":false},"excerpt":{"rendered":"<p>Kakkerlakken Last van kakkerlakken in je woning? Schakel Lib\u00c3\u00a8s in! Kakkerlakken zijn ongeveer \u00c3\u00a9\u00c3\u00a9n tot twee centimeter groot en hebben een roodbruine kleur. Kakkerlakken zijn vooral \u00e2\u20ac\u2122s nachts actief. Eerst heb je daardoor vaak niet door dat er kakkerlakken actief zijn in je huis. Kakkerlakken houden van warme en vochtige plekjes. Ze eten alles wat&hellip;<\/p>\n","protected":false},"author":201450416,"featured_media":0,"parent":0,"menu_order":0,"comment_status":"closed","ping_status":"closed","template":"","meta":{"footnotes":""},"class_list":["post-2862","page","type-page","status-publish","hentry"],"_links":{"self":[{"href":"https:\/\/libes.nl\/index.php?rest_route=\/wp\/v2\/pages\/2862","targetHints":{"allow":["GET"]}}],"collection":[{"href":"https:\/\/libes.nl\/index.php?rest_route=\/wp\/v2\/pages"}],"about":[{"href":"https:\/\/libes.nl\/index.php?rest_route=\/wp\/v2\/types\/page"}],"author":[{"embeddable":true,"href":"https:\/\/libes.nl\/index.php?rest_route=\/wp\/v2\/users\/201450416"}],"replies":[{"embeddable":true,"href":"https:\/\/libes.nl\/index.php?rest_route=%2Fwp%2Fv2%2Fcomments&post=2862"}],"version-history":[{"count":27,"href":"https:\/\/libes.nl\/index.php?rest_route=\/wp\/v2\/pages\/2862\/revisions"}],"predecessor-version":[{"id":4446,"href":"https:\/\/libes.nl\/index.php?rest_route=\/wp\/v2\/pages\/2862\/revisions\/4446"}],"wp:attachment":[{"href":"https:\/\/libes.nl\/index.php?rest_route=%2Fwp%2Fv2%2Fmedia&parent=2862"}],"curies":[{"name":"wp","href":"https:\/\/api.w.org\/{rel}","templated":true}]}}